{"id":1503,"date":"2020-02-25T14:33:34","date_gmt":"2020-02-25T14:33:34","guid":{"rendered":"https:\/\/aventuratrekking.ro\/?post_type=product&#038;p=1503"},"modified":"2026-04-16T15:36:32","modified_gmt":"2026-04-16T15:36:32","slug":"1-mai","status":"publish","type":"product","link":"https:\/\/aventuratrekking.ro\/en\/product\/1-mai\/","title":{"rendered":"Ofert\u0103 de 1 Mai \u2013 experien\u021be inedite \u00een ecodestina\u021bia P\u0103durea Craiului &#8211; 10% discount pentru grupuri de 5 persoane"},"content":{"rendered":"<h1 style=\"text-align: center;\"><strong><span style=\"color: #ff0000;\"><span dir=\"auto\" style=\"vertical-align: inherit;\"><span dir=\"auto\" style=\"vertical-align: inherit;\">CONTACTEAZ\u0102-NE DAC\u0102 AI \u00ceNTREB\u0102RI!<\/span><\/span><\/span><\/strong><\/h1>\n<h2 style=\"text-align: center;\"><strong><span dir=\"auto\" style=\"vertical-align: inherit;\"><span dir=\"auto\" style=\"vertical-align: inherit;\">Telefon: 00 40 (770) 873 455<\/span><\/span><\/strong><\/h2>\n<h2 style=\"text-align: center;\"><span dir=\"auto\" style=\"vertical-align: inherit;\"><span dir=\"auto\" style=\"vertical-align: inherit;\">Email: contact@aventuratrekking.ro<\/span><\/span><\/h2>\n<p>&nbsp;<\/p>\n<h3 style=\"text-align: center;\"><strong><span dir=\"auto\" style=\"vertical-align: inherit;\"><span dir=\"auto\" style=\"vertical-align: inherit;\">Un eveniment in parteneriat cu:&nbsp;<\/span><\/span><\/strong><\/h3>\n<p>&nbsp;<\/p>\n<p><img loading=\"lazy\" decoding=\"async\" class=\"alignnone size-medium wp-image-1578\" src=\"https:\/\/aventuratrekking.ro\/wp-content\/uploads\/2020\/02\/logo-Aventura-Trekking-300x150.jpg\" alt=\"\" width=\"300\" height=\"150\" srcset=\"https:\/\/aventuratrekking.ro\/wp-content\/uploads\/2020\/02\/logo-Aventura-Trekking-300x150.jpg 300w, https:\/\/aventuratrekking.ro\/wp-content\/uploads\/2020\/02\/logo-Aventura-Trekking-1024x512.jpg 1024w, https:\/\/aventuratrekking.ro\/wp-content\/uploads\/2020\/02\/logo-Aventura-Trekking-768x384.jpg 768w, https:\/\/aventuratrekking.ro\/wp-content\/uploads\/2020\/02\/logo-Aventura-Trekking-1536x768.jpg 1536w, https:\/\/aventuratrekking.ro\/wp-content\/uploads\/2020\/02\/logo-Aventura-Trekking-18x9.jpg 18w, https:\/\/aventuratrekking.ro\/wp-content\/uploads\/2020\/02\/logo-Aventura-Trekking-1080x540.jpg 1080w, https:\/\/aventuratrekking.ro\/wp-content\/uploads\/2020\/02\/logo-Aventura-Trekking-480x240.jpg 480w, https:\/\/aventuratrekking.ro\/wp-content\/uploads\/2020\/02\/logo-Aventura-Trekking-600x300.jpg 600w, https:\/\/aventuratrekking.ro\/wp-content\/uploads\/2020\/02\/logo-Aventura-Trekking.jpg 1600w\" sizes=\"auto, (max-width: 300px) 100vw, 300px\" \/>&nbsp; &nbsp; &nbsp; &nbsp; &nbsp; &nbsp; &nbsp; <img loading=\"lazy\" decoding=\"async\" class=\"alignnone size-medium wp-image-1579\" src=\"https:\/\/aventuratrekking.ro\/wp-content\/uploads\/2020\/02\/logo-la-busuri-300x135.jpg\" alt=\"\" width=\"300\" height=\"135\" srcset=\"https:\/\/aventuratrekking.ro\/wp-content\/uploads\/2020\/02\/logo-la-busuri-300x135.jpg 300w, https:\/\/aventuratrekking.ro\/wp-content\/uploads\/2020\/02\/logo-la-busuri-1024x460.jpg 1024w, https:\/\/aventuratrekking.ro\/wp-content\/uploads\/2020\/02\/logo-la-busuri-768x345.jpg 768w, https:\/\/aventuratrekking.ro\/wp-content\/uploads\/2020\/02\/logo-la-busuri-18x8.jpg 18w, https:\/\/aventuratrekking.ro\/wp-content\/uploads\/2020\/02\/logo-la-busuri-1080x486.jpg 1080w, https:\/\/aventuratrekking.ro\/wp-content\/uploads\/2020\/02\/logo-la-busuri-480x216.jpg 480w, https:\/\/aventuratrekking.ro\/wp-content\/uploads\/2020\/02\/logo-la-busuri-600x270.jpg 600w, https:\/\/aventuratrekking.ro\/wp-content\/uploads\/2020\/02\/logo-la-busuri.jpg 1190w\" sizes=\"auto, (max-width: 300px) 100vw, 300px\" \/><\/p>\n<p>&nbsp; &nbsp; &nbsp; &nbsp; &nbsp; &nbsp; &nbsp; &nbsp; &nbsp; <img loading=\"lazy\" decoding=\"async\" class=\"alignnone size-full wp-image-1281\" src=\"https:\/\/aventuratrekking.ro\/wp-content\/uploads\/2019\/05\/Sigla-200x200-Chris-Mar-Tour.jpg\" alt=\"\" width=\"200\" height=\"200\" srcset=\"https:\/\/aventuratrekking.ro\/wp-content\/uploads\/2019\/05\/Sigla-200x200-Chris-Mar-Tour.jpg 200w, https:\/\/aventuratrekking.ro\/wp-content\/uploads\/2019\/05\/Sigla-200x200-Chris-Mar-Tour-150x150.jpg 150w, https:\/\/aventuratrekking.ro\/wp-content\/uploads\/2019\/05\/Sigla-200x200-Chris-Mar-Tour-100x100.jpg 100w\" sizes=\"auto, (max-width: 200px) 100vw, 200px\" \/>&nbsp; &nbsp; &nbsp; &nbsp; &nbsp; &nbsp; &nbsp; &nbsp; &nbsp; &nbsp; &nbsp; &nbsp; &nbsp; &nbsp; &nbsp; &nbsp; &nbsp; &nbsp; &nbsp;<img loading=\"lazy\" decoding=\"async\" class=\"alignnone wp-image-1279\" src=\"https:\/\/aventuratrekking.ro\/wp-content\/uploads\/2019\/05\/padurea-craiului-partener-300x212.jpg\" alt=\"\" width=\"267\" height=\"189\" srcset=\"https:\/\/aventuratrekking.ro\/wp-content\/uploads\/2019\/05\/padurea-craiului-partener-300x212.jpg 300w, https:\/\/aventuratrekking.ro\/wp-content\/uploads\/2019\/05\/padurea-craiului-partener-768x543.jpg 768w, https:\/\/aventuratrekking.ro\/wp-content\/uploads\/2019\/05\/padurea-craiului-partener-1024x724.jpg 1024w, https:\/\/aventuratrekking.ro\/wp-content\/uploads\/2019\/05\/padurea-craiului-partener-1080x763.jpg 1080w, https:\/\/aventuratrekking.ro\/wp-content\/uploads\/2019\/05\/padurea-craiului-partener-480x339.jpg 480w, https:\/\/aventuratrekking.ro\/wp-content\/uploads\/2019\/05\/padurea-craiului-partener-600x424.jpg 600w\" sizes=\"auto, (max-width: 267px) 100vw, 267px\" \/><\/p>","protected":false},"excerpt":{"rendered":"<p><b><i><span dir=\"auto\" style=\"vertical-align: inherit;\"><span dir=\"auto\" style=\"vertical-align: inherit;\">Descriere<\/span><\/span><\/i><\/b><\/p>\n<p>Mini vacan\u021ba de 1 mai din acest an va fi o experien\u021b\u0103 de repovestit! Activit\u0103\u021bi pentru toate v\u00e2rstele. Speoturism, drume\u021bie, via ferrata, ateliere, m\u00e2ncare gustoas\u0103 \u0219i s\u0103n\u0103toas\u0103, odihn\u0103 \u00een spa\u021bii curate \u0219i inedite! Dac\u0103 ai r\u0103bdare s\u0103 vezi ce am preg\u0103tit, fii atent la detaliile de mai jos!<br \/>\n\ud83d\udca5 CE AM PREG\u0102TIT PENTRU ACESTE 3 ZILE:<br \/>\n\u2714 explorare \u00een Pe\u0219tera Ciur Ponor<br \/>\n\u2714 traseu de Via Ferrata<br \/>\n\u2714 atelier creativ<br \/>\n\u2714 cazare \u00een autobuze amenajate sau la cort<br \/>\n\u2714 m\u00e2ncare local\u0103 (mic dejun + cin\u0103, \u00een regim de catering)<br \/>\n\u2714 echipament complet + ghizi<br \/>\n\ud83d\udcb0 PRE\u021a PROMO: 950 lei \/ pers<br \/>\nREDUCERE DE 10% PENTRU GRUPURI DE 5 PERS<br \/>\n\u26a0\ufe0f IMPORTANT<br \/>\n\u2757 Locuri limitate (max. 10)<br \/>\n\u2757 Se cere avans 40%<br \/>\n\ud83d\udcc5 \u00censcrieri p\u00e2n\u0103 \u00een data 29 aprilie, sau p\u00e2n\u0103 la ocuparea locurilor.<\/p>\n<p>\ud83d\udcde INFO &amp; REZERV\u0102RI &amp; CONTRACTE &amp; PLAT\u0102<br \/>\nActivit\u0103\u021bi: @AventuraTrekking, 0770 873 455,<br \/>\nCazare &amp; m\u00e2ncare: @La busuri Camp<br \/>\n0723 051 842 Szabo Dezideriu,<br \/>\n0728 159 799 Szabo Angela.<br \/>\n\u26a0\ufe0fConfirmarea locului se face dup\u0103 semnarea \u0219i plata separat\u0103 a contractului de activit\u0103\u021bi \u0219i a contractului de cazare \u0219i mas\u0103.<br \/>\nV\u0103 a\u0219tept\u0103m s\u0103 descoperi\u021bi frumuse\u021bea unei escapade memorabile.<\/p>","protected":false},"featured_media":1596,"comment_status":"open","ping_status":"closed","template":"","meta":{"ngg_post_thumbnail":0},"class_list":["post-1503","product","type-product","status-publish","has-post-thumbnail","hentry","product_cat-eco","product_tag-adventure","product_tag-culture","product_tag-eco","product_tag-padurea-craiului","product_tag-speo"],"_links":{"self":[{"href":"https:\/\/aventuratrekking.ro\/en\/wp-json\/wp\/v2\/product\/1503","targetHints":{"allow":["GET"]}}],"collection":[{"href":"https:\/\/aventuratrekking.ro\/en\/wp-json\/wp\/v2\/product"}],"about":[{"href":"https:\/\/aventuratrekking.ro\/en\/wp-json\/wp\/v2\/types\/product"}],"replies":[{"embeddable":true,"href":"https:\/\/aventuratrekking.ro\/en\/wp-json\/wp\/v2\/comments?post=1503"}],"wp:featuredmedia":[{"embeddable":true,"href":"https:\/\/aventuratrekking.ro\/en\/wp-json\/wp\/v2\/media\/1596"}],"wp:attachment":[{"href":"https:\/\/aventuratrekking.ro\/en\/wp-json\/wp\/v2\/media?parent=1503"}],"curies":[{"name":"wp","href":"https:\/\/api.w.org\/{rel}","templated":true}]}}