{"id":806,"date":"2017-08-23T11:40:06","date_gmt":"2017-08-23T11:40:06","guid":{"rendered":"http:\/\/aventuratrekking.ro\/web\/?page_id=806"},"modified":"2017-08-23T11:49:44","modified_gmt":"2017-08-23T11:49:44","slug":"cicloturism","status":"publish","type":"page","link":"https:\/\/aventuratrekking.ro\/en\/cicloturism\/","title":{"rendered":"Cicloturism"},"content":{"rendered":"<div id=\"pl-806\"  class=\"panel-layout\" ><div id=\"pg-806-0\"  class=\"panel-grid panel-has-style\" ><div class=\"siteorigin-panels-stretch panel-row-style panel-row-style-for-806-0\" data-stretch-type=\"full-stretched\" ><div id=\"pgc-806-0-0\"  class=\"panel-grid-cell\" ><div id=\"panel-806-0-0-0\" class=\"so-panel widget widget_primrose-sow-hero-slider panel-first-child panel-last-child\" data-index=\"0\" ><div\n\t\t\t\n\t\t\tclass=\"so-widget-primrose-sow-hero-slider so-widget-primrose-sow-hero-slider-default-d5ac2fc7e6eb-806\"\n\t\t\t\n\t\t>\t<div class=\"primrose-sow-hero-slider slick\" data-autoplay=\"5000\">\r\n\t\t\t\t\t<div class=\"primrose-sow-hero-slide primrose-sow-hero-slide-0\" style=\"background-color: #f3f3f3;\">\r\n\t\t\t\t<div class=\"primrose-sow-hero-slide-background primrose-sow-background-cover\">\r\n\t\t\t\t\t\r\n\t\t\t\t\t\t\t\t\t\t\t\t<img class=\"primrose-sow-hero-slide-background-image\" alt=\"\"\r\n\t\t\t\t\t\t\t\tsrc=\"https:\/\/aventuratrekking.ro\/wp-content\/uploads\/2016\/04\/cicloturism-frontpage.jpg\"\r\n\t\t\t\t\t\t\t\theight=\"730\"\r\n\t\t\t\t\t\t\t\twidth=\"1903\"\r\n\t\t\t\t\t\t\t\t>\r\n\t\t\t\t\t\t\r\n\t\t\t\t\t\r\n\t\t\t\t<\/div><!-- .primrose-sow-hero-slide-background -->\r\n\r\n\t\t\t\t<div class=\"primrose-sow-hero-slide-overlay\" style=\"background-color: rgba(0,0,0,0.2);\"><\/div>\r\n\r\n\t\t\t\t<div class=\"primrose-sow-hero-slide-content\">\r\n\t\t\t\t\t<div class=\"primrose-sow-hero-slide-content-inner\">\r\n\t\t\t\t\t\t\t\t\t\t\t\t\t<div class=\"primrose-sow-hero-slide-title\">CICLOTURISM<\/div>\r\n\t\t\t\t\t\t\r\n\t\t\t\t\t\t<div\n\t\t\t\n\t\t\tclass=\"so-widget-primrose-sow-buttons so-widget-primrose-sow-buttons-default-37a6259cc0c1\"\n\t\t\t\n\t\t><\/div>\t\t\t\t\t<\/div>\r\n\t\t\t\t<\/div><!-- .primrose-sow-hero-slide-content -->\r\n\t\t\t\t\r\n\t\t\t<\/div><!-- .primrose-sow-hero-slide -->\r\n\t\t\t<\/div><!-- .primrose-sow-hero-slider -->\r\n<\/div><\/div><\/div><\/div><\/div><div id=\"pg-806-1\"  class=\"panel-grid panel-has-style\" ><div class=\"panel-row-style panel-row-style-for-806-1\" ><div id=\"pgc-806-1-0\"  class=\"panel-grid-cell\" ><div id=\"panel-806-1-0-0\" class=\"so-panel widget widget_text panel-first-child panel-last-child\" data-index=\"1\" >\t\t\t<div class=\"textwidget\"><p>Lorem ipsum dolor sit amet, consectetur adipiscing elit, sed do eiusmod tempor incididunt ut labore et dolore magna aliqua. Ut enim ad minim veniam, quis nostrud exercitation ullamco laboris nisi ut aliquip ex ea commodo consequat.<\/p>\n<p>Duis aute irure dolor in reprehenderit in voluptate velit esse cillum dolore eu fugiat nulla pariatur. Excepteur sint occaecat cupidatat non proident, sunt in culpa qui officia deserunt mollit anim id est laborum.Lorem ipsum dolor sit amet, consectetur adipiscing elit, sed do eiusmod tempor incididunt ut labore et dolore magna aliqua.<\/p>\n<p>Ut enim ad minim veniam, quis nostrud exercitation ullamco laboris nisi ut aliquip ex ea commodo consequat. Duis aute irure dolor in reprehenderit in voluptate velit esse cillum dolore eu fugiat nulla pariatur. Excepteur sint occaecat cupidatat non proident, sunt in culpa qui officia deserunt mollit anim id est laborum.<\/p>\n<\/div>\n\t\t<\/div><\/div><\/div><\/div><div id=\"pg-806-2\"  class=\"panel-grid panel-no-style\" ><div id=\"pgc-806-2-0\"  class=\"panel-grid-cell\" ><div id=\"panel-806-2-0-0\" class=\"so-panel widget widget_primrose-sow-heading panel-first-child panel-last-child\" data-index=\"2\" ><div\n\t\t\t\n\t\t\tclass=\"so-widget-primrose-sow-heading so-widget-primrose-sow-heading-default-d75171398898-806\"\n\t\t\t\n\t\t><h2 class=\"primrose-sow-heading primrose-sow-alignment-center\">TRASEE CICLOTURISM<\/h2><\/div><\/div><\/div><\/div><div id=\"pg-806-3\"  class=\"panel-grid panel-has-style\" ><div class=\"siteorigin-panels-stretch panel-row-style panel-row-style-for-806-3\" data-stretch-type=\"full\" id=\"features\" data-anchor=\"features\" ><div id=\"pgc-806-3-0\"  class=\"panel-grid-cell\" ><div id=\"panel-806-3-0-0\" class=\"so-panel widget widget_primrose-sow-feature panel-first-child panel-last-child\" data-index=\"3\" ><div\n\t\t\t\n\t\t\tclass=\"so-widget-primrose-sow-feature so-widget-primrose-sow-feature-default-d75171398898-806\"\n\t\t\t\n\t\t><div class=\"primrose-sow-feature\">\r\n\t<div class=\"primrose-sow-feature-icon\"><img loading=\"lazy\" decoding=\"async\" width=\"800\" height=\"800\" src=\"https:\/\/aventuratrekking.ro\/wp-content\/uploads\/2017\/08\/imagine-generica.jpg\" class=\"attachment-full size-full\" alt=\"\" srcset=\"https:\/\/aventuratrekking.ro\/wp-content\/uploads\/2017\/08\/imagine-generica.jpg 800w, https:\/\/aventuratrekking.ro\/wp-content\/uploads\/2017\/08\/imagine-generica-300x300.jpg 300w, https:\/\/aventuratrekking.ro\/wp-content\/uploads\/2017\/08\/imagine-generica-100x100.jpg 100w, https:\/\/aventuratrekking.ro\/wp-content\/uploads\/2017\/08\/imagine-generica-600x600.jpg 600w, https:\/\/aventuratrekking.ro\/wp-content\/uploads\/2017\/08\/imagine-generica-150x150.jpg 150w, https:\/\/aventuratrekking.ro\/wp-content\/uploads\/2017\/08\/imagine-generica-768x768.jpg 768w, https:\/\/aventuratrekking.ro\/wp-content\/uploads\/2017\/08\/imagine-generica-480x480.jpg 480w\" sizes=\"auto, (max-width: 800px) 100vw, 800px\" \/><\/div>\r\n\t<h4 class=\"primrose-sow-feature-heading\" style=\"color: #2a4d83;\">Valea Ro\u015fia <\/h4>\r\n\t<div class=\"primrose-sow-feature-description\"><p>Valea Ro\u015fia cu Pe\u015fterile Meziad, Farcu, Cheile V\u0103ii Cu\u0163ilor, Izbucul Ro\u015fiei \u015fi Cheile Lazuri. Aceasta include \u015fi poteca tematic\u0103 din vecin\u0103tatea Pe\u015fterii cu Cristale din Mina Farcu<\/p><\/div>\r\n<\/div><!-- .primrose-sow-feature --><\/div><\/div><\/div><div id=\"pgc-806-3-1\"  class=\"panel-grid-cell\" ><div id=\"panel-806-3-1-0\" class=\"so-panel widget widget_primrose-sow-feature panel-first-child panel-last-child\" data-index=\"4\" ><div\n\t\t\t\n\t\t\tclass=\"so-widget-primrose-sow-feature so-widget-primrose-sow-feature-default-d75171398898-806\"\n\t\t\t\n\t\t><div class=\"primrose-sow-feature\">\r\n\t<div class=\"primrose-sow-feature-icon\"><img loading=\"lazy\" decoding=\"async\" width=\"800\" height=\"800\" src=\"https:\/\/aventuratrekking.ro\/wp-content\/uploads\/2017\/08\/imagine-generica.jpg\" class=\"attachment-full size-full\" alt=\"\" srcset=\"https:\/\/aventuratrekking.ro\/wp-content\/uploads\/2017\/08\/imagine-generica.jpg 800w, https:\/\/aventuratrekking.ro\/wp-content\/uploads\/2017\/08\/imagine-generica-300x300.jpg 300w, https:\/\/aventuratrekking.ro\/wp-content\/uploads\/2017\/08\/imagine-generica-100x100.jpg 100w, https:\/\/aventuratrekking.ro\/wp-content\/uploads\/2017\/08\/imagine-generica-600x600.jpg 600w, https:\/\/aventuratrekking.ro\/wp-content\/uploads\/2017\/08\/imagine-generica-150x150.jpg 150w, https:\/\/aventuratrekking.ro\/wp-content\/uploads\/2017\/08\/imagine-generica-768x768.jpg 768w, https:\/\/aventuratrekking.ro\/wp-content\/uploads\/2017\/08\/imagine-generica-480x480.jpg 480w\" sizes=\"auto, (max-width: 800px) 100vw, 800px\" \/><\/div>\r\n\t<h4 class=\"primrose-sow-feature-heading\" style=\"color: #2a4d83;\">Zona Bratca<\/h4>\r\n\t<div class=\"primrose-sow-feature-description\"><p>pe Valea Cri\u015fului Repede cu V\u0103ile Br\u0103tcu\u0163a \u015fi Boiului, unde se \u00eent\u00e2lnesc o serie de abrupturi \u015fi salbe de cascade.<\/p><\/div>\r\n<\/div><!-- .primrose-sow-feature --><\/div><\/div><\/div><div id=\"pgc-806-3-2\"  class=\"panel-grid-cell\" ><div id=\"panel-806-3-2-0\" class=\"so-panel widget widget_primrose-sow-feature panel-first-child panel-last-child\" data-index=\"5\" ><div\n\t\t\t\n\t\t\tclass=\"so-widget-primrose-sow-feature so-widget-primrose-sow-feature-default-d75171398898-806\"\n\t\t\t\n\t\t><div class=\"primrose-sow-feature\">\r\n\t<div class=\"primrose-sow-feature-icon\"><img loading=\"lazy\" decoding=\"async\" width=\"800\" height=\"800\" src=\"https:\/\/aventuratrekking.ro\/wp-content\/uploads\/2017\/08\/imagine-generica.jpg\" class=\"attachment-full size-full\" alt=\"\" srcset=\"https:\/\/aventuratrekking.ro\/wp-content\/uploads\/2017\/08\/imagine-generica.jpg 800w, https:\/\/aventuratrekking.ro\/wp-content\/uploads\/2017\/08\/imagine-generica-300x300.jpg 300w, https:\/\/aventuratrekking.ro\/wp-content\/uploads\/2017\/08\/imagine-generica-100x100.jpg 100w, https:\/\/aventuratrekking.ro\/wp-content\/uploads\/2017\/08\/imagine-generica-600x600.jpg 600w, https:\/\/aventuratrekking.ro\/wp-content\/uploads\/2017\/08\/imagine-generica-150x150.jpg 150w, https:\/\/aventuratrekking.ro\/wp-content\/uploads\/2017\/08\/imagine-generica-768x768.jpg 768w, https:\/\/aventuratrekking.ro\/wp-content\/uploads\/2017\/08\/imagine-generica-480x480.jpg 480w\" sizes=\"auto, (max-width: 800px) 100vw, 800px\" \/><\/div>\r\n\t<h4 class=\"primrose-sow-feature-heading\" style=\"color: #2a4d83;\">Platoul Carstic 10 Hotare<\/h4>\r\n\t<div class=\"primrose-sow-feature-description\"><p>\u015euncuiu\u015f \u2013 Defileul Cri\u015fului Repede, unde se \u00eent\u00e2lnesc c\u00e2mpuri de doline, pe\u015fteri amenajate, chei \u015fi defilee. Poteca tematic\u0103 din Defileul Cri\u0219ului Repede a fost numit\u0103 \u201ePove\u015ftile p\u0103durii\u201d.<\/p><\/div>\r\n<\/div><!-- .primrose-sow-feature --><\/div><\/div><\/div><div id=\"pgc-806-3-3\"  class=\"panel-grid-cell\" ><div id=\"panel-806-3-3-0\" class=\"so-panel widget widget_primrose-sow-feature panel-first-child panel-last-child\" data-index=\"6\" ><div\n\t\t\t\n\t\t\tclass=\"so-widget-primrose-sow-feature so-widget-primrose-sow-feature-default-d75171398898-806\"\n\t\t\t\n\t\t><div class=\"primrose-sow-feature\">\r\n\t<div class=\"primrose-sow-feature-icon\"><img loading=\"lazy\" decoding=\"async\" width=\"800\" height=\"800\" src=\"https:\/\/aventuratrekking.ro\/wp-content\/uploads\/2017\/08\/imagine-generica.jpg\" class=\"attachment-full size-full\" alt=\"\" srcset=\"https:\/\/aventuratrekking.ro\/wp-content\/uploads\/2017\/08\/imagine-generica.jpg 800w, https:\/\/aventuratrekking.ro\/wp-content\/uploads\/2017\/08\/imagine-generica-300x300.jpg 300w, https:\/\/aventuratrekking.ro\/wp-content\/uploads\/2017\/08\/imagine-generica-100x100.jpg 100w, https:\/\/aventuratrekking.ro\/wp-content\/uploads\/2017\/08\/imagine-generica-600x600.jpg 600w, https:\/\/aventuratrekking.ro\/wp-content\/uploads\/2017\/08\/imagine-generica-150x150.jpg 150w, https:\/\/aventuratrekking.ro\/wp-content\/uploads\/2017\/08\/imagine-generica-768x768.jpg 768w, https:\/\/aventuratrekking.ro\/wp-content\/uploads\/2017\/08\/imagine-generica-480x480.jpg 480w\" sizes=\"auto, (max-width: 800px) 100vw, 800px\" \/><\/div>\r\n\t<h4 class=\"primrose-sow-feature-heading\" style=\"color: #2a4d83;\">Drumul Bisericilor de lemn<\/h4>\r\n\t<div class=\"primrose-sow-feature-description\"><p>4 trasee \u00een circuit pe parcursul c\u0103rora se viziteaz\u0103 biesrici de lemn, cascade, peisaje naturale \u0219i sunt degustate produse tradi\u021bionale de sezon<\/p><\/div>\r\n<\/div><!-- .primrose-sow-feature --><\/div><\/div><\/div><\/div><\/div><div id=\"pg-806-4\"  class=\"panel-grid panel-has-style\" ><div class=\"panel-row-style panel-row-style-for-806-4\" ><div id=\"pgc-806-4-0\"  class=\"panel-grid-cell\" ><div id=\"panel-806-4-0-0\" class=\"so-panel widget widget_primrose-sow-heading panel-first-child panel-last-child\" data-index=\"7\" ><div\n\t\t\t\n\t\t\tclass=\"so-widget-primrose-sow-heading so-widget-primrose-sow-heading-default-d75171398898-806\"\n\t\t\t\n\t\t><h2 class=\"primrose-sow-heading primrose-sow-alignment-center\">Tarife echipamente CICLOTURISM<\/h2><\/div><\/div><\/div><\/div><\/div><div id=\"pg-806-5\"  class=\"panel-grid panel-has-style\" ><div class=\"siteorigin-panels-stretch panel-row-style panel-row-style-for-806-5\" data-stretch-type=\"full\" id=\"features\" data-anchor=\"features\" ><div id=\"pgc-806-5-0\"  class=\"panel-grid-cell\" ><div id=\"panel-806-5-0-0\" class=\"so-panel widget widget_primrose-sow-feature panel-first-child panel-last-child\" data-index=\"8\" ><div\n\t\t\t\n\t\t\tclass=\"so-widget-primrose-sow-feature so-widget-primrose-sow-feature-default-d75171398898-806\"\n\t\t\t\n\t\t><div class=\"primrose-sow-feature\">\r\n\t<div class=\"primrose-sow-feature-icon\"><img loading=\"lazy\" decoding=\"async\" width=\"800\" height=\"800\" src=\"https:\/\/aventuratrekking.ro\/wp-content\/uploads\/2017\/07\/pietrele-negre-1.jpg\" class=\"attachment-full size-full\" alt=\"\" srcset=\"https:\/\/aventuratrekking.ro\/wp-content\/uploads\/2017\/07\/pietrele-negre-1.jpg 800w, https:\/\/aventuratrekking.ro\/wp-content\/uploads\/2017\/07\/pietrele-negre-1-300x300.jpg 300w, https:\/\/aventuratrekking.ro\/wp-content\/uploads\/2017\/07\/pietrele-negre-1-100x100.jpg 100w, https:\/\/aventuratrekking.ro\/wp-content\/uploads\/2017\/07\/pietrele-negre-1-600x600.jpg 600w, https:\/\/aventuratrekking.ro\/wp-content\/uploads\/2017\/07\/pietrele-negre-1-150x150.jpg 150w, https:\/\/aventuratrekking.ro\/wp-content\/uploads\/2017\/07\/pietrele-negre-1-768x768.jpg 768w, https:\/\/aventuratrekking.ro\/wp-content\/uploads\/2017\/07\/pietrele-negre-1-480x480.jpg 480w\" sizes=\"auto, (max-width: 800px) 100vw, 800px\" \/><\/div>\r\n\t<h4 class=\"primrose-sow-feature-heading\" style=\"color: #2a4d83;\">KIT COMPLET<\/h4>\r\n\t<div class=\"primrose-sow-feature-description\"><ul>\n<li>90 lei \/zi (1 zi)<\/li>\n<li>81 lei\/zi (2-3 zile)<\/li>\n<li>75 lei\/zi(&gt;5 zile)<\/li>\n<\/ul><\/div>\r\n<\/div><!-- .primrose-sow-feature --><\/div><\/div><\/div><div id=\"pgc-806-5-1\"  class=\"panel-grid-cell\" ><div id=\"panel-806-5-1-0\" class=\"so-panel widget widget_primrose-sow-feature panel-first-child panel-last-child\" data-index=\"9\" ><div\n\t\t\t\n\t\t\tclass=\"so-widget-primrose-sow-feature so-widget-primrose-sow-feature-default-d75171398898-806\"\n\t\t\t\n\t\t><div class=\"primrose-sow-feature\">\r\n\t<div class=\"primrose-sow-feature-icon\"><img loading=\"lazy\" decoding=\"async\" width=\"800\" height=\"800\" src=\"https:\/\/aventuratrekking.ro\/wp-content\/uploads\/2017\/07\/Hamuri-Petzl.jpg\" class=\"attachment-full size-full\" alt=\"\" srcset=\"https:\/\/aventuratrekking.ro\/wp-content\/uploads\/2017\/07\/Hamuri-Petzl.jpg 800w, https:\/\/aventuratrekking.ro\/wp-content\/uploads\/2017\/07\/Hamuri-Petzl-300x300.jpg 300w, https:\/\/aventuratrekking.ro\/wp-content\/uploads\/2017\/07\/Hamuri-Petzl-100x100.jpg 100w, https:\/\/aventuratrekking.ro\/wp-content\/uploads\/2017\/07\/Hamuri-Petzl-600x600.jpg 600w, https:\/\/aventuratrekking.ro\/wp-content\/uploads\/2017\/07\/Hamuri-Petzl-150x150.jpg 150w, https:\/\/aventuratrekking.ro\/wp-content\/uploads\/2017\/07\/Hamuri-Petzl-768x768.jpg 768w, https:\/\/aventuratrekking.ro\/wp-content\/uploads\/2017\/07\/Hamuri-Petzl-480x480.jpg 480w\" sizes=\"auto, (max-width: 800px) 100vw, 800px\" \/><\/div>\r\n\t<h4 class=\"primrose-sow-feature-heading\" style=\"color: #2a4d83;\">Hamuri Petzl<\/h4>\r\n\t<div class=\"primrose-sow-feature-description\"><ul>\n<li>30 lei \/zi (1 zi)<\/li>\n<li>27 lei\/zi (2-3 zile)<\/li>\n<li>25 lei\/zi(&gt;5 zile)<\/li>\n<\/ul><\/div>\r\n<\/div><!-- .primrose-sow-feature --><\/div><\/div><\/div><div id=\"pgc-806-5-2\"  class=\"panel-grid-cell\" ><div id=\"panel-806-5-2-0\" class=\"so-panel widget widget_primrose-sow-feature panel-first-child panel-last-child\" data-index=\"10\" ><div\n\t\t\t\n\t\t\tclass=\"so-widget-primrose-sow-feature so-widget-primrose-sow-feature-default-d75171398898-806\"\n\t\t\t\n\t\t><div class=\"primrose-sow-feature\">\r\n\t<div class=\"primrose-sow-feature-icon\"><img loading=\"lazy\" decoding=\"async\" width=\"800\" height=\"800\" src=\"https:\/\/aventuratrekking.ro\/wp-content\/uploads\/2017\/07\/casca-petzl-elios-culoare-blue-5893.jpg\" class=\"attachment-full size-full\" alt=\"\" srcset=\"https:\/\/aventuratrekking.ro\/wp-content\/uploads\/2017\/07\/casca-petzl-elios-culoare-blue-5893.jpg 800w, https:\/\/aventuratrekking.ro\/wp-content\/uploads\/2017\/07\/casca-petzl-elios-culoare-blue-5893-300x300.jpg 300w, https:\/\/aventuratrekking.ro\/wp-content\/uploads\/2017\/07\/casca-petzl-elios-culoare-blue-5893-100x100.jpg 100w, https:\/\/aventuratrekking.ro\/wp-content\/uploads\/2017\/07\/casca-petzl-elios-culoare-blue-5893-600x600.jpg 600w, https:\/\/aventuratrekking.ro\/wp-content\/uploads\/2017\/07\/casca-petzl-elios-culoare-blue-5893-150x150.jpg 150w, https:\/\/aventuratrekking.ro\/wp-content\/uploads\/2017\/07\/casca-petzl-elios-culoare-blue-5893-768x768.jpg 768w, https:\/\/aventuratrekking.ro\/wp-content\/uploads\/2017\/07\/casca-petzl-elios-culoare-blue-5893-480x480.jpg 480w\" sizes=\"auto, (max-width: 800px) 100vw, 800px\" \/><\/div>\r\n\t<h4 class=\"primrose-sow-feature-heading\" style=\"color: #2a4d83;\">C\u0103\u015fti Petzl+m\u0103nu\u0219i<\/h4>\r\n\t<div class=\"primrose-sow-feature-description\"><ul>\n<li>30 lei \/zi (1 zi)<\/li>\n<li>27 lei\/zi (2-3 zile)<\/li>\n<li>25 lei\/zi(&gt;5 zile)<\/li>\n<\/ul><\/div>\r\n<\/div><!-- .primrose-sow-feature --><\/div><\/div><\/div><div id=\"pgc-806-5-3\"  class=\"panel-grid-cell\" ><div id=\"panel-806-5-3-0\" class=\"so-panel widget widget_primrose-sow-feature panel-first-child panel-last-child\" data-index=\"11\" ><div\n\t\t\t\n\t\t\tclass=\"so-widget-primrose-sow-feature so-widget-primrose-sow-feature-default-d75171398898-806\"\n\t\t\t\n\t\t><div class=\"primrose-sow-feature\">\r\n\t<div class=\"primrose-sow-feature-icon\"><img loading=\"lazy\" decoding=\"async\" width=\"800\" height=\"800\" src=\"https:\/\/aventuratrekking.ro\/wp-content\/uploads\/2017\/07\/lonja-petzl-scorpio.jpg\" class=\"attachment-full size-full\" alt=\"\" srcset=\"https:\/\/aventuratrekking.ro\/wp-content\/uploads\/2017\/07\/lonja-petzl-scorpio.jpg 800w, https:\/\/aventuratrekking.ro\/wp-content\/uploads\/2017\/07\/lonja-petzl-scorpio-300x300.jpg 300w, https:\/\/aventuratrekking.ro\/wp-content\/uploads\/2017\/07\/lonja-petzl-scorpio-100x100.jpg 100w, https:\/\/aventuratrekking.ro\/wp-content\/uploads\/2017\/07\/lonja-petzl-scorpio-600x600.jpg 600w, https:\/\/aventuratrekking.ro\/wp-content\/uploads\/2017\/07\/lonja-petzl-scorpio-150x150.jpg 150w, https:\/\/aventuratrekking.ro\/wp-content\/uploads\/2017\/07\/lonja-petzl-scorpio-768x768.jpg 768w, https:\/\/aventuratrekking.ro\/wp-content\/uploads\/2017\/07\/lonja-petzl-scorpio-480x480.jpg 480w\" sizes=\"auto, (max-width: 800px) 100vw, 800px\" \/><\/div>\r\n\t<h4 class=\"primrose-sow-feature-heading\" style=\"color: #2a4d83;\">Lonj\u0103 Petzl Scorpio<\/h4>\r\n\t<div class=\"primrose-sow-feature-description\"><ul>\n<li>30 lei \/zi (1 zi)<\/li>\n<li>27 lei\/zi (2-3 zile)<\/li>\n<li>25 lei\/zi(&gt;5 zile)<\/li>\n<\/ul><\/div>\r\n<\/div><!-- .primrose-sow-feature --><\/div><\/div><\/div><\/div><\/div><div id=\"pg-806-6\"  class=\"panel-grid panel-has-style\" ><div class=\"panel-row-style panel-row-style-for-806-6\" ><div id=\"pgc-806-6-0\"  class=\"panel-grid-cell\" ><div id=\"panel-806-6-0-0\" class=\"so-panel widget widget_primrose-sow-cta panel-first-child panel-last-child\" data-index=\"12\" ><div\n\t\t\t\n\t\t\tclass=\"so-widget-primrose-sow-cta so-widget-primrose-sow-cta-default-d75171398898-806\"\n\t\t\t\n\t\t><div class=\"primrose-sow-cta primrose-sow-cta-\">\r\n\t\t\t<div class=\"primrose-sow-cta-text\">Pentru inscriere sau cerere oferta accesati butonul de mai jos<\/div>\r\n\t\r\n\t<div\n\t\t\t\n\t\t\tclass=\"so-widget-primrose-sow-buttons so-widget-primrose-sow-buttons-default-aadd0c292cf5\"\n\t\t\t\n\t\t>\t<div class=\"primrose-sow-buttons primrose-sow-alignment-center\">\r\n\t\t\t\t\t<a href=\"#\"\r\n\t\t\t\tclass=\"primrose-sow-button primrose-sow-button-0 button anchor-link\"\r\n\t\t\t\t>\r\n\t\t\t\tCerere oferta\t\t\t<\/a>\r\n\t\t\t<\/div><!-- .primrose-sow-buttons -->\r\n<\/div><\/div><!-- .primrose-sow-cta --><\/div><\/div><\/div><\/div><\/div><\/div>","protected":false},"excerpt":{"rendered":"<p>Lorem ipsum dolor sit amet, consectetur adipiscing elit, sed do eiusmod tempor incididunt ut labore et dolore magna aliqua. Ut enim ad minim veniam, quis nostrud exercitation ullamco laboris nisi ut aliquip ex ea commodo consequat. Duis aute irure dolor in reprehenderit in voluptate velit esse cillum dolore eu fugiat nulla pariatur. Excepteur sint occaecat [&hellip;]<\/p>\n","protected":false},"author":1,"featured_media":0,"parent":0,"menu_order":0,"comment_status":"closed","ping_status":"closed","template":"page-templates\/blank.php","meta":{"ngg_post_thumbnail":0,"footnotes":""},"class_list":["post-806","page","type-page","status-publish","hentry"],"_links":{"self":[{"href":"https:\/\/aventuratrekking.ro\/en\/wp-json\/wp\/v2\/pages\/806","targetHints":{"allow":["GET"]}}],"collection":[{"href":"https:\/\/aventuratrekking.ro\/en\/wp-json\/wp\/v2\/pages"}],"about":[{"href":"https:\/\/aventuratrekking.ro\/en\/wp-json\/wp\/v2\/types\/page"}],"author":[{"embeddable":true,"href":"https:\/\/aventuratrekking.ro\/en\/wp-json\/wp\/v2\/users\/1"}],"replies":[{"embeddable":true,"href":"https:\/\/aventuratrekking.ro\/en\/wp-json\/wp\/v2\/comments?post=806"}],"version-history":[{"count":11,"href":"https:\/\/aventuratrekking.ro\/en\/wp-json\/wp\/v2\/pages\/806\/revisions"}],"predecessor-version":[{"id":818,"href":"https:\/\/aventuratrekking.ro\/en\/wp-json\/wp\/v2\/pages\/806\/revisions\/818"}],"wp:attachment":[{"href":"https:\/\/aventuratrekking.ro\/en\/wp-json\/wp\/v2\/media?parent=806"}],"curies":[{"name":"wp","href":"https:\/\/api.w.org\/{rel}","templated":true}]}}