{"id":565,"date":"2017-07-13T06:10:12","date_gmt":"2017-07-13T06:10:12","guid":{"rendered":"http:\/\/aventuratrekking.ro\/web\/?page_id=565"},"modified":"2026-03-25T19:06:51","modified_gmt":"2026-03-25T19:06:51","slug":"trekking","status":"publish","type":"page","link":"https:\/\/aventuratrekking.ro\/en\/trekking\/","title":{"rendered":"Trekking"},"content":{"rendered":"<div id=\"pl-565\"  class=\"panel-layout\" ><div id=\"pg-565-0\"  class=\"panel-grid panel-has-style\" ><div class=\"siteorigin-panels-stretch panel-row-style panel-row-style-for-565-0\" data-stretch-type=\"full-width-stretch\" ><div id=\"pgc-565-0-0\"  class=\"panel-grid-cell\" ><div id=\"panel-565-0-0-0\" class=\"so-panel widget widget_primrose-sow-hero-slider panel-first-child panel-last-child\" data-index=\"0\" ><div\n\t\t\t\n\t\t\tclass=\"so-widget-primrose-sow-hero-slider so-widget-primrose-sow-hero-slider-default-d5ac2fc7e6eb-565\"\n\t\t\t\n\t\t>\t<div class=\"primrose-sow-hero-slider slick\" data-autoplay=\"5000\">\r\n\t\t\t\t\t<div class=\"primrose-sow-hero-slide primrose-sow-hero-slide-0\" style=\"background-color: #f3f3f3;\">\r\n\t\t\t\t<div class=\"primrose-sow-hero-slide-background primrose-sow-background-cover primrose-sow-parallax-background\">\r\n\t\t\t\t\t\r\n\t\t\t\t\t\t\t\t\t\t\t\t<img class=\"primrose-sow-hero-slide-background-image\" alt=\"\"\r\n\t\t\t\t\t\t\t\tsrc=\"https:\/\/aventuratrekking.ro\/wp-content\/uploads\/2016\/04\/slide01.jpg\"\r\n\t\t\t\t\t\t\t\theight=\"1080\"\r\n\t\t\t\t\t\t\t\twidth=\"1920\"\r\n\t\t\t\t\t\t\t\tdata-stellar-ratio=\"0.5\">\r\n\t\t\t\t\t\t\r\n\t\t\t\t\t\r\n\t\t\t\t<\/div><!-- .primrose-sow-hero-slide-background -->\r\n\r\n\t\t\t\t<div class=\"primrose-sow-hero-slide-overlay\" style=\"background-color: rgba(0,0,0,0);\"><\/div>\r\n\r\n\t\t\t\t<div class=\"primrose-sow-hero-slide-content\">\r\n\t\t\t\t\t<div class=\"primrose-sow-hero-slide-content-inner\">\r\n\t\t\t\t\t\t\t\t\t\t\t\t\t<div class=\"primrose-sow-hero-slide-title\">TREKKING<\/div>\r\n\t\t\t\t\t\t\r\n\t\t\t\t\t\t<div\n\t\t\t\n\t\t\tclass=\"so-widget-primrose-sow-buttons so-widget-primrose-sow-buttons-default-37a6259cc0c1\"\n\t\t\t\n\t\t><\/div>\t\t\t\t\t<\/div>\r\n\t\t\t\t<\/div><!-- .primrose-sow-hero-slide-content -->\r\n\t\t\t\t\r\n\t\t\t<\/div><!-- .primrose-sow-hero-slide -->\r\n\t\t\t<\/div><!-- .primrose-sow-hero-slider -->\r\n<\/div><\/div><\/div><\/div><\/div><div id=\"pg-565-1\"  class=\"panel-grid panel-has-style\" ><div class=\"panel-row-style panel-row-style-for-565-1\" ><div id=\"pgc-565-1-0\"  class=\"panel-grid-cell panel-grid-cell-empty\" ><\/div><div id=\"pgc-565-1-1\"  class=\"panel-grid-cell panel-grid-cell-mobile-last\" ><div id=\"panel-565-1-1-0\" class=\"so-panel widget widget_text panel-first-child panel-last-child\" data-index=\"1\" >\t\t\t<div class=\"textwidget\"><p>Drume\u0163iile montane, a\u015fa zisul &#8222;trekking&#8221;, se pot efectua pe tot parcursul anului, indiferent de anotimp. Drume\u0163iile se efectueaz\u0103 \u00een zone sigure din toate punctele de vedere, zone care nu prezint\u0103 nici un fel de pericol pentru participan\u0163i. La aceste ture pot participa to\u0163i iubitorii muntelui, v\u00e2rsta nefiind un obstacol \u00een admirarea frumuse\u0163ilor naturii. Pe parcursul traseului ghizii no\u015ftrii v\u0103 vor prezenta flora, fauna, \u015fi particularit\u0103\u0163ile climatice \u015fi geologice ale zonelor traversate. Vor fi explicate participan\u0163ilor principiile de baz\u0103 necesare la orientarea pe munte. Drume\u0163iile se pot organiza pe durata unei zile sau se pot extinde la un week-end sau chiar la mai multe zile (\u00een func\u0163ie de loca\u0163ia \u015fi de traseul ales).<\/p>\n<\/div>\n\t\t<\/div><\/div><div id=\"pgc-565-1-2\"  class=\"panel-grid-cell panel-grid-cell-empty\" ><\/div><\/div><\/div><div id=\"pg-565-2\"  class=\"panel-grid panel-has-style\" ><div class=\"siteorigin-panels-stretch panel-row-style panel-row-style-for-565-2\" data-stretch-type=\"full\" id=\"features\" data-anchor=\"features\" ><div id=\"pgc-565-2-0\"  class=\"panel-grid-cell\" ><div id=\"panel-565-2-0-0\" class=\"so-panel widget widget_primrose-sow-feature panel-first-child panel-last-child\" data-index=\"2\" ><div\n\t\t\t\n\t\t\tclass=\"so-widget-primrose-sow-feature so-widget-primrose-sow-feature-default-d75171398898-565\"\n\t\t\t\n\t\t><div class=\"primrose-sow-feature\">\r\n\t<div class=\"primrose-sow-feature-icon\"><img loading=\"lazy\" decoding=\"async\" width=\"800\" height=\"800\" src=\"https:\/\/aventuratrekking.ro\/wp-content\/uploads\/2017\/07\/pestera-batranului-1.jpg\" class=\"attachment-full size-full\" alt=\"\" srcset=\"https:\/\/aventuratrekking.ro\/wp-content\/uploads\/2017\/07\/pestera-batranului-1.jpg 800w, https:\/\/aventuratrekking.ro\/wp-content\/uploads\/2017\/07\/pestera-batranului-1-300x300.jpg 300w, https:\/\/aventuratrekking.ro\/wp-content\/uploads\/2017\/07\/pestera-batranului-1-100x100.jpg 100w, https:\/\/aventuratrekking.ro\/wp-content\/uploads\/2017\/07\/pestera-batranului-1-600x600.jpg 600w, https:\/\/aventuratrekking.ro\/wp-content\/uploads\/2017\/07\/pestera-batranului-1-150x150.jpg 150w, https:\/\/aventuratrekking.ro\/wp-content\/uploads\/2017\/07\/pestera-batranului-1-768x768.jpg 768w, https:\/\/aventuratrekking.ro\/wp-content\/uploads\/2017\/07\/pestera-batranului-1-480x480.jpg 480w\" sizes=\"auto, (max-width: 800px) 100vw, 800px\" \/><\/div>\r\n\t<h4 class=\"primrose-sow-feature-heading\" style=\"color: #2a4d83;\">Cabana \u201cPe\u015ftera Vadu Cri\u015fului\u201d \u2013 Pe\u015ftera B\u0103tr\u00e2nului <\/h4>\r\n\t<div class=\"primrose-sow-feature-description\"><p>Are o lungime de 8 km, timp de mers cca 7 ore dus \u00eentors, cu o diferen\u021b\u0103 de nivel de 376 de metri. Ofera accesul turi\u015ftilor la 4 pe\u015fteri mici, 1 punct de belvedere \u015fi 1 Pe\u0219tera B\u0103tr\u00e2nului<\/p><p><a href=\"#\"><strong>Find out more<\/strong><\/a><\/p><\/div>\r\n<\/div><!-- .primrose-sow-feature --><\/div><\/div><\/div><div id=\"pgc-565-2-1\"  class=\"panel-grid-cell\" ><div id=\"panel-565-2-1-0\" class=\"so-panel widget widget_primrose-sow-feature panel-first-child panel-last-child\" data-index=\"3\" ><div\n\t\t\t\n\t\t\tclass=\"so-widget-primrose-sow-feature so-widget-primrose-sow-feature-default-d75171398898-565\"\n\t\t\t\n\t\t><div class=\"primrose-sow-feature\">\r\n\t<div class=\"primrose-sow-feature-icon\"><img loading=\"lazy\" decoding=\"async\" width=\"800\" height=\"800\" src=\"https:\/\/aventuratrekking.ro\/wp-content\/uploads\/2017\/07\/pestera-vadu-crisului.jpg\" class=\"attachment-full size-full\" alt=\"\" srcset=\"https:\/\/aventuratrekking.ro\/wp-content\/uploads\/2017\/07\/pestera-vadu-crisului.jpg 800w, https:\/\/aventuratrekking.ro\/wp-content\/uploads\/2017\/07\/pestera-vadu-crisului-300x300.jpg 300w, https:\/\/aventuratrekking.ro\/wp-content\/uploads\/2017\/07\/pestera-vadu-crisului-100x100.jpg 100w, https:\/\/aventuratrekking.ro\/wp-content\/uploads\/2017\/07\/pestera-vadu-crisului-600x600.jpg 600w, https:\/\/aventuratrekking.ro\/wp-content\/uploads\/2017\/07\/pestera-vadu-crisului-150x150.jpg 150w, https:\/\/aventuratrekking.ro\/wp-content\/uploads\/2017\/07\/pestera-vadu-crisului-768x768.jpg 768w, https:\/\/aventuratrekking.ro\/wp-content\/uploads\/2017\/07\/pestera-vadu-crisului-480x480.jpg 480w\" sizes=\"auto, (max-width: 800px) 100vw, 800px\" \/><\/div>\r\n\t<h4 class=\"primrose-sow-feature-heading\" style=\"color: #2a4d83;\">Cabana \u201cPe\u015ftera Vadu Cri\u015fului\u201d \u2013 Valea Mi\u015fidului \u2013 Pe\u015ftera Moanei <\/h4>\r\n\t<div class=\"primrose-sow-feature-description\"><p>Are o lungime de 12 km, timp de mers 8 ore dus \u00eentors, cu o diferen\u021b\u0103 de nivel 292 de metri. Ofera accesul turi\u015ftilor la 3 pe\u015fteri mici \u015fi 3 puncte de belvedere<\/p><p><a href=\"#\"><strong>Find out more<\/strong><\/a><\/p><\/div>\r\n<\/div><!-- .primrose-sow-feature --><\/div><\/div><\/div><div id=\"pgc-565-2-2\"  class=\"panel-grid-cell\" ><div id=\"panel-565-2-2-0\" class=\"so-panel widget widget_primrose-sow-feature panel-first-child panel-last-child\" data-index=\"4\" ><div\n\t\t\t\n\t\t\tclass=\"so-widget-primrose-sow-feature so-widget-primrose-sow-feature-default-d75171398898-565\"\n\t\t\t\n\t\t><div class=\"primrose-sow-feature\">\r\n\t<div class=\"primrose-sow-feature-icon\"><img loading=\"lazy\" decoding=\"async\" width=\"800\" height=\"800\" src=\"https:\/\/aventuratrekking.ro\/wp-content\/uploads\/2017\/07\/fircu.jpg\" class=\"attachment-full size-full\" alt=\"\" srcset=\"https:\/\/aventuratrekking.ro\/wp-content\/uploads\/2017\/07\/fircu.jpg 800w, https:\/\/aventuratrekking.ro\/wp-content\/uploads\/2017\/07\/fircu-300x300.jpg 300w, https:\/\/aventuratrekking.ro\/wp-content\/uploads\/2017\/07\/fircu-100x100.jpg 100w, https:\/\/aventuratrekking.ro\/wp-content\/uploads\/2017\/07\/fircu-600x600.jpg 600w, https:\/\/aventuratrekking.ro\/wp-content\/uploads\/2017\/07\/fircu-150x150.jpg 150w, https:\/\/aventuratrekking.ro\/wp-content\/uploads\/2017\/07\/fircu-768x768.jpg 768w, https:\/\/aventuratrekking.ro\/wp-content\/uploads\/2017\/07\/fircu-480x480.jpg 480w\" sizes=\"auto, (max-width: 800px) 100vw, 800px\" \/><\/div>\r\n\t<h4 class=\"primrose-sow-feature-heading\" style=\"color: #2a4d83;\">Circuitul Cheile Cutilor<\/h4>\r\n\t<div class=\"primrose-sow-feature-description\"><p>Traseul ofer\u0103 turi\u015ftilor care viziteaz\u0103 Pe\u015ftera cu Cristale din mina Farcu posibilitatea de a petrece o or\u0103 jumate \u00een natur\u0103 parcurg\u00e2nd sectorul de chei al V\u0103ii Cu\u0163ilor pe lungimea acestui circuit put\u00e2ndu-se admira mai multe abrupturi st\u00e2ncoase precum \u015fi mai multe pe\u015fteri.<\/p><p><a href=\"#\"><strong>Find out more<\/strong><\/a><\/p><\/div>\r\n<\/div><!-- .primrose-sow-feature --><\/div><\/div><\/div><\/div><\/div><\/div>","protected":false},"excerpt":{"rendered":"<p>Drume\u0163iile montane, a\u015fa zisul &#8222;trekking&#8221;, se pot efectua pe tot parcursul anului, indiferent de anotimp. Drume\u0163iile se efectueaz\u0103 \u00een zone sigure din toate punctele de vedere, zone care nu prezint\u0103 nici un fel de pericol pentru participan\u0163i. La aceste ture pot participa to\u0163i iubitorii muntelui, v\u00e2rsta nefiind un obstacol \u00een admirarea frumuse\u0163ilor naturii. Pe parcursul [&hellip;]<\/p>\n","protected":false},"author":1,"featured_media":0,"parent":0,"menu_order":0,"comment_status":"closed","ping_status":"closed","template":"page-templates\/blank.php","meta":{"ngg_post_thumbnail":0,"footnotes":""},"class_list":["post-565","page","type-page","status-publish","hentry"],"_links":{"self":[{"href":"https:\/\/aventuratrekking.ro\/en\/wp-json\/wp\/v2\/pages\/565","targetHints":{"allow":["GET"]}}],"collection":[{"href":"https:\/\/aventuratrekking.ro\/en\/wp-json\/wp\/v2\/pages"}],"about":[{"href":"https:\/\/aventuratrekking.ro\/en\/wp-json\/wp\/v2\/types\/page"}],"author":[{"embeddable":true,"href":"https:\/\/aventuratrekking.ro\/en\/wp-json\/wp\/v2\/users\/1"}],"replies":[{"embeddable":true,"href":"https:\/\/aventuratrekking.ro\/en\/wp-json\/wp\/v2\/comments?post=565"}],"version-history":[{"count":10,"href":"https:\/\/aventuratrekking.ro\/en\/wp-json\/wp\/v2\/pages\/565\/revisions"}],"predecessor-version":[{"id":1547,"href":"https:\/\/aventuratrekking.ro\/en\/wp-json\/wp\/v2\/pages\/565\/revisions\/1547"}],"wp:attachment":[{"href":"https:\/\/aventuratrekking.ro\/en\/wp-json\/wp\/v2\/media?parent=565"}],"curies":[{"name":"wp","href":"https:\/\/api.w.org\/{rel}","templated":true}]}}