{"id":228,"date":"2016-01-25T02:53:27","date_gmt":"2016-01-25T02:53:27","guid":{"rendered":"http:\/\/singlestroke.io\/demo\/primrose-wp\/?page_id=228"},"modified":"2026-03-26T18:10:20","modified_gmt":"2026-03-26T18:10:20","slug":"despre-noi","status":"publish","type":"page","link":"https:\/\/aventuratrekking.ro\/en\/despre-noi\/","title":{"rendered":"About us"},"content":{"rendered":"<div id=\"pl-228\"  class=\"panel-layout\" ><div id=\"pg-228-0\"  class=\"panel-grid panel-has-style\" ><div class=\"panel-row-style panel-row-style-for-228-0\" ><div id=\"pgc-228-0-0\"  class=\"panel-grid-cell\" ><div id=\"panel-228-0-0-0\" class=\"so-panel widget widget_primrose-sow-heading panel-first-child\" data-index=\"0\" ><div\n\t\t\t\n\t\t\tclass=\"so-widget-primrose-sow-heading so-widget-primrose-sow-heading-default-d75171398898-228\"\n\t\t\t\n\t\t><h2 class=\"primrose-sow-heading primrose-sow-alignment-left\">Salut, suntem AVENTURA TREKKING!<\/h2><\/div><\/div><div id=\"panel-228-0-0-1\" class=\"so-panel widget widget_sow-editor panel-last-child\" data-index=\"1\" ><div\n\t\t\t\n\t\t\tclass=\"so-widget-sow-editor so-widget-sow-editor-base\"\n\t\t\t\n\t\t>\n<div class=\"siteorigin-widget-tinymce textwidget\">\n\t<p>The experiences lived along people that know how to enjoy the most of travelling, determined us to want , to create perfect holiday packages customized for our guests.<\/p>\n<p><strong>Totul \u00eencepe dintr-un punct!&nbsp;<\/strong>Aventura Trekking te a\u0219teapt\u0103 s\u0103 alegi de unde d\u0103m startul.<\/p>\n<p>Iat\u0103 \u0219i <strong>serviciile<\/strong> <strong>ecoturistice<\/strong> pe care vi le oferim:<\/p>\n<ul>\n<li>Cave visiting<\/li>\n<li>Via Ferrata<\/li>\n<li>Brunch-uri<\/li>\n<li>Trekking<\/li>\n<li>Ateliere culturale creative<\/li>\n<li>Rafting &amp; caiac<\/li>\n<li>Cicloturism<\/li>\n<li>Team building<\/li>\n<li>Experien\u021be personalizate \u00een func\u021bie de nivelul grupului<\/li>\n<li>Ghidaj specializat \u0219i echipament complet<\/li>\n<li>Programe de minim 2 zile +7<\/li>\n<li>Recomand\u0103ri de cazare \u0219i mas\u0103<\/li>\n<\/ul>\n<\/div>\n<\/div><\/div><\/div><div id=\"pgc-228-0-1\"  class=\"panel-grid-cell\" ><div id=\"panel-228-0-1-0\" class=\"so-panel widget widget_sow-image panel-first-child panel-last-child\" data-index=\"2\" ><div\n\t\t\t\n\t\t\tclass=\"so-widget-sow-image so-widget-sow-image-default-dbf295114b96-228\"\n\t\t\t\n\t\t>\n<div class=\"sow-image-container\">\n\t\t<img \n\tsrc=\"https:\/\/aventuratrekking.ro\/wp-content\/uploads\/2016\/01\/despre-noiu.jpg\" width=\"500\" height=\"375\" srcset=\"https:\/\/aventuratrekking.ro\/wp-content\/uploads\/2016\/01\/despre-noiu.jpg 500w, https:\/\/aventuratrekking.ro\/wp-content\/uploads\/2016\/01\/despre-noiu-300x225.jpg 300w, https:\/\/aventuratrekking.ro\/wp-content\/uploads\/2016\/01\/despre-noiu-480x360.jpg 480w\" sizes=\"(max-width: 500px) 100vw, 500px\" alt=\"\" \t\tclass=\"so-widget-image\"\/>\n\t<\/div>\n\n<\/div><\/div><\/div><\/div><\/div><\/div>","protected":false},"excerpt":{"rendered":"<p>Experien\u021bele tr\u0103ite \u00een preajma oamenilor care \u0219tiu s\u0103 c\u0103l\u0103toreasc\u0103 ne-a determinat s\u0103 facem din vacan\u021bale clien\u021bilor no\u0219tri clipe de poveste. Totul \u00eencepe dintr-un punct!&nbsp;Aventura Trekking te a\u0219teapt\u0103 s\u0103 alegi de unde d\u0103m startul. Iat\u0103 \u0219i serviciile ecoturistice pe care vi le oferim: Speoturism Via Ferrata Brunch-uri Trekking Ateliere culturale creative Rafting &amp; caiac Cicloturism Team [&hellip;]<\/p>\n","protected":false},"author":1,"featured_media":0,"parent":0,"menu_order":0,"comment_status":"closed","ping_status":"closed","template":"page-templates\/blank.php","meta":{"ngg_post_thumbnail":0,"footnotes":""},"class_list":["post-228","page","type-page","status-publish","hentry"],"_links":{"self":[{"href":"https:\/\/aventuratrekking.ro\/en\/wp-json\/wp\/v2\/pages\/228","targetHints":{"allow":["GET"]}}],"collection":[{"href":"https:\/\/aventuratrekking.ro\/en\/wp-json\/wp\/v2\/pages"}],"about":[{"href":"https:\/\/aventuratrekking.ro\/en\/wp-json\/wp\/v2\/types\/page"}],"author":[{"embeddable":true,"href":"https:\/\/aventuratrekking.ro\/en\/wp-json\/wp\/v2\/users\/1"}],"replies":[{"embeddable":true,"href":"https:\/\/aventuratrekking.ro\/en\/wp-json\/wp\/v2\/comments?post=228"}],"version-history":[{"count":21,"href":"https:\/\/aventuratrekking.ro\/en\/wp-json\/wp\/v2\/pages\/228\/revisions"}],"predecessor-version":[{"id":594,"href":"https:\/\/aventuratrekking.ro\/en\/wp-json\/wp\/v2\/pages\/228\/revisions\/594"}],"wp:attachment":[{"href":"https:\/\/aventuratrekking.ro\/en\/wp-json\/wp\/v2\/media?parent=228"}],"curies":[{"name":"wp","href":"https:\/\/api.w.org\/{rel}","templated":true}]}}