{"id":1235,"date":"2019-03-07T05:05:08","date_gmt":"2019-03-07T05:05:08","guid":{"rendered":"https:\/\/aventuratrekking.ro\/?page_id=1235"},"modified":"2026-03-25T19:52:20","modified_gmt":"2026-03-25T19:52:20","slug":"circuit-de-3-zile-oradea-padis-biserica-de-lemn-sec-xvii-tara-beiusului","status":"publish","type":"page","link":"https:\/\/aventuratrekking.ro\/en\/circuit-de-3-zile-oradea-padis-biserica-de-lemn-sec-xvii-tara-beiusului\/","title":{"rendered":"CIRCUIT DE 3 ZILE ORADEA-PADI\u0218-BISERIC\u0102 DE LEMN SEC XVII-\u021aARA BEIU\u0218ULUI"},"content":{"rendered":"<div id=\"pl-1235\"  class=\"panel-layout\" ><div id=\"pg-1235-0\"  class=\"panel-grid panel-has-style\" ><div class=\"siteorigin-panels-stretch panel-row-style panel-row-style-for-1235-0\" data-stretch-type=\"full\" ><div id=\"pgc-1235-0-0\"  class=\"panel-grid-cell\" ><div id=\"panel-1235-0-0-0\" class=\"so-panel widget widget_sow-image panel-first-child panel-last-child\" data-index=\"0\" ><div\n\t\t\t\n\t\t\tclass=\"so-widget-sow-image so-widget-sow-image-default-8b5b6f678277-1235\"\n\t\t\t\n\t\t>\n<div class=\"sow-image-container\">\n\t\t<img \n\tsrc=\"https:\/\/aventuratrekking.ro\/wp-content\/uploads\/2019\/03\/circuir-padis.jpg\" width=\"1920\" height=\"600\" srcset=\"https:\/\/aventuratrekking.ro\/wp-content\/uploads\/2019\/03\/circuir-padis.jpg 1920w, https:\/\/aventuratrekking.ro\/wp-content\/uploads\/2019\/03\/circuir-padis-300x94.jpg 300w, https:\/\/aventuratrekking.ro\/wp-content\/uploads\/2019\/03\/circuir-padis-768x240.jpg 768w, https:\/\/aventuratrekking.ro\/wp-content\/uploads\/2019\/03\/circuir-padis-1024x320.jpg 1024w, https:\/\/aventuratrekking.ro\/wp-content\/uploads\/2019\/03\/circuir-padis-1080x338.jpg 1080w, https:\/\/aventuratrekking.ro\/wp-content\/uploads\/2019\/03\/circuir-padis-480x150.jpg 480w, https:\/\/aventuratrekking.ro\/wp-content\/uploads\/2019\/03\/circuir-padis-600x188.jpg 600w\" sizes=\"(max-width: 1920px) 100vw, 1920px\" alt=\"\" \t\tclass=\"so-widget-image\"\/>\n\t<\/div>\n\n<\/div><\/div><\/div><\/div><\/div><div id=\"pg-1235-1\"  class=\"panel-grid panel-no-style\" ><div id=\"pgc-1235-1-0\"  class=\"panel-grid-cell\" ><div id=\"panel-1235-1-0-0\" class=\"so-panel widget widget_sow-editor panel-first-child panel-last-child\" data-index=\"1\" ><div\n\t\t\t\n\t\t\tclass=\"so-widget-sow-editor so-widget-sow-editor-base\"\n\t\t\t\n\t\t>\n<div class=\"siteorigin-widget-tinymce textwidget\">\n\t<h2><strong>VIZIT\u0102M&nbsp; A 7 MINUNE NATURAL\u0102 A ROM\u00c2NIEI, MONUMENTE ISTORICE \u0218I ORADEA.<\/strong><\/h2>\n<p><strong>Experien\u021b\u0103 de 3 zile<\/strong> cu activit\u0103\u021bi ecoturistice, 2 nop\u021bi de cazare, 3 mese pe zi<\/p>\n<p><strong>Genul:<\/strong> Program activ pentru tineri\/adul\u021bi \u0219i familiile cu copii care caut\u0103 experien\u021be noi.<\/p>\n<p><strong>Activit\u0103\u021bi:<\/strong> drume\u021bie p\u00e2n\u0103 la Cet\u0103\u021bile Ponorului, cicloturism \u00een Platoul Padi\u0219 \u0219i vizit\u0103 monumente istorice<\/p>\n<p><strong>Pre\u021b<\/strong> de la 1500 RONI\/persoan\u0103<\/p>\n<p><strong>M\u0103rime grup<\/strong> minim 8, maxim 16 persoane<\/p>\n<p><strong>Pre\u021bul include<\/strong> ghizi, monitori, biciclete, casc\u0103 \u0219i vest\u0103 refelctorizant\u0103, cazare \u0219i mas\u0103 cu meniuri prestabilite, transport \u00een destina\u021bie, garantare pachet, asigurare pasageri \u0219i bagaje pe timpul transportului.<\/p>\n<p><strong>Pre\u021bul nu include<\/strong> transportul din loca\u021bia dvs. spre Oradea, asigur\u0103ri de c\u0103l\u0103torie, intr\u0103ri la muzee \u0219i piscine \u0219i orice altceva ce nu este inclus \u00een pre\u021b.<\/p>\n<h3><strong>\u00censcrieri,rezerv\u0103ri \u0219i detalii :<\/strong><\/h3>\n<p>Tel: 00 (40) 770 873 455, Gabriel Bonaciu-manager \u00een activit\u0103\u021bi de turism&nbsp;&nbsp;&nbsp;&nbsp;&nbsp;&nbsp;&nbsp;&nbsp;&nbsp;&nbsp;&nbsp;&nbsp;&nbsp;&nbsp;&nbsp;&nbsp;&nbsp;&nbsp;&nbsp;&nbsp;<\/p>\n<p>Email:&nbsp; <a href=\"mailto:contact@aventuratrekking.ro\">contact@aventuratrekking.ro<\/a><\/p>\nngg_shortcode_0_placeholder\n<h3><strong>Foto credit<\/strong> Andrei Posmo\u0219anu, Gabriel Bonaciu, Larisa Birta, C\u0103lin Leucu\u021ba, Sebastien Bedon<\/h3>\n<hr \/>\n<p><a target=\"_new\" href=\"https:\/\/www.aventuratrekking.ro\/licenta agen\u021bie de turism.pdf\"><\/p>\n<h3 style=\"text-align: center;\">Licenta de turism<\/h3>\n<p><\/a><\/p>\n<\/div>\n<\/div><\/div><\/div><\/div><\/div>","protected":false},"excerpt":{"rendered":"<p>VIZIT\u0102M&nbsp; A 7 MINUNE NATURAL\u0102 A ROM\u00c2NIEI, MONUMENTE ISTORICE \u0218I ORADEA. Experien\u021b\u0103 de 3 zile cu activit\u0103\u021bi ecoturistice, 2 nop\u021bi de cazare, 3 mese pe zi Genul: Program activ pentru tineri\/adul\u021bi \u0219i familiile cu copii care caut\u0103 experien\u021be noi. Activit\u0103\u021bi: drume\u021bie p\u00e2n\u0103 la Cet\u0103\u021bile Ponorului, cicloturism \u00een Platoul Padi\u0219 \u0219i vizit\u0103 monumente istorice Pre\u021b de [&hellip;]<\/p>\n","protected":false},"author":1,"featured_media":0,"parent":0,"menu_order":0,"comment_status":"closed","ping_status":"closed","template":"page-templates\/full-width.php","meta":{"ngg_post_thumbnail":0,"footnotes":""},"class_list":["post-1235","page","type-page","status-publish","hentry"],"_links":{"self":[{"href":"https:\/\/aventuratrekking.ro\/en\/wp-json\/wp\/v2\/pages\/1235","targetHints":{"allow":["GET"]}}],"collection":[{"href":"https:\/\/aventuratrekking.ro\/en\/wp-json\/wp\/v2\/pages"}],"about":[{"href":"https:\/\/aventuratrekking.ro\/en\/wp-json\/wp\/v2\/types\/page"}],"author":[{"embeddable":true,"href":"https:\/\/aventuratrekking.ro\/en\/wp-json\/wp\/v2\/users\/1"}],"replies":[{"embeddable":true,"href":"https:\/\/aventuratrekking.ro\/en\/wp-json\/wp\/v2\/comments?post=1235"}],"version-history":[{"count":7,"href":"https:\/\/aventuratrekking.ro\/en\/wp-json\/wp\/v2\/pages\/1235\/revisions"}],"predecessor-version":[{"id":1573,"href":"https:\/\/aventuratrekking.ro\/en\/wp-json\/wp\/v2\/pages\/1235\/revisions\/1573"}],"wp:attachment":[{"href":"https:\/\/aventuratrekking.ro\/en\/wp-json\/wp\/v2\/media?parent=1235"}],"curies":[{"name":"wp","href":"https:\/\/api.w.org\/{rel}","templated":true}]}}